{"id":60,"date":"2013-05-13T13:04:30","date_gmt":"2013-05-13T13:04:30","guid":{"rendered":"http:\/\/hi-speed.dk\/wp\/?page_id=60"},"modified":"2016-12-29T20:49:20","modified_gmt":"2016-12-29T20:49:20","slug":"daek-og-faelgstorrelse","status":"publish","type":"page","link":"https:\/\/hi-speed.dk\/?page_id=60","title":{"rendered":"D\u00e6k og f\u00e6lgst\u00f8rrelse"},"content":{"rendered":"<p>&nbsp;<\/p>\n<div align=\"center\">\n<table border=\"0\" cellpadding=\"10\">\n<tbody>\n<tr>\n<td valign=\"top\">&nbsp;<\/p>\n<form method=\"post\">\n<ul>\n<li><b><span style=\"color: #000000; font-family: Verdana; font-size: small;\">Din originale d\u00e6kmontering:<br \/>\n<\/span><\/b><br \/>\n<select name=\"stockwidth\"><option value=\"165\">165<\/option><option value=\"175\">175<\/option><option value=\"185\">185<\/option><option selected=\"selected\" value=\"195\">195<\/option><option value=\"205\">205<\/option><option value=\"215\">215<\/option><option value=\"225\">225<\/option><option value=\"235\">235<\/option><option value=\"245\">245<\/option><option value=\"255\">255<\/option><option value=\"265\">265<\/option><option value=\"275\">275<\/option><\/select><b><span style=\"color: #000000; font-family: Verdana; font-size: small;\"> \/ <\/span><\/b><br \/>\n<select name=\"stockaspect\"><option value=\"30\">30<\/option><option value=\"35\">35<\/option><option value=\"40\">40<\/option><option value=\"45\">45<\/option><option selected=\"selected\" value=\"50\">50<\/option><option value=\"55\">55<\/option><option value=\"60\">60<\/option><option value=\"65\">65<\/option><option value=\"70\">70<\/option><option value=\"75\">75<\/option><option value=\"80\">80<\/option><option value=\"85\">85<\/option><\/select><b><span style=\"color: #000000; font-family: Verdana; font-size: small;\"> H\/V\/ZR <\/span><\/b><br \/>\n<select name=\"stocksize\"><option value=\"12\">12<\/option><option value=\"13\">13<\/option><option value=\"14\">14<\/option><option selected=\"selected\" value=\"15\">15<\/option><option value=\"16\">16<\/option><option value=\"17\">17<\/option><option value=\"18\">18<\/option><option value=\"19\">19<\/option><option value=\"20\">20<\/option><\/select>&nbsp;<\/li>\n<li><b><span style=\"color: #000000; font-family: Verdana; font-size: small;\">Original f\u00e6lgbredde:<br \/>\n<\/span><\/b><br \/>\n<select name=\"stockrimwidth\"><option>5.5&#8243;<\/option><option selected=\"selected\">6.0&#8243;<\/option><option>6.5&#8243;<\/option><option>7.0&#8243;<\/option><option>7.5&#8243;<\/option><option>8.0&#8243;<\/option><option>8.5&#8243;<\/option><\/select>&nbsp;<\/li>\n<li><b><span style=\"color: #000000; font-family: Verdana; font-size: small;\">Original d\u00e6k til sk\u00e6rmkant frigang:<\/span><\/b><br \/>\n<input name=\"spaces\" size=\"2.5\" type=\"text\" value=\"10\" \/> millimeter<\/li>\n<li><b><span style=\"color: #000000; font-family: Verdana; font-size: small;\">Original indpresning:<br \/>\n<\/span><\/b><br \/>\n<input name=\"etold\" size=\"2.5\" type=\"text\" value=\"20\" \/> millimeter<\/li>\n<\/ul>\n<\/form>\n<\/td>\n<\/tr>\n<\/tbody>\n<\/table>\n<\/div>\n<p>&nbsp;<\/p>\n<ul>\n<li><b><span style=\"color: #ff0000; font-family: Verdana; font-size: small;\">Din nye d\u00e6kst\u00f8rrelse:<br \/>\n<b> <\/b><\/span><\/b><br \/>\n<select name=\"newwidth\"><option value=\"165\">165<\/option><option value=\"175\">175<\/option><option value=\"185\">185<\/option><option value=\"195\">195<\/option><option selected=\"selected\" value=\"205\">205<\/option><option value=\"215\">215<\/option><option value=\"225\">225<\/option><option value=\"235\">235<\/option><option value=\"245\">245<\/option><option value=\"255\">255<\/option><option value=\"265\">265<\/option><option value=\"275\">275<\/option><option value=\"285\">285<\/option><option value=\"295\">295<\/option><option value=\"305\">305<\/option><\/select><b><span style=\"color: #ff0000; font-family: Verdana; font-size: small;\"> \/ <\/span><\/b><br \/>\n<select name=\"newaspect\"><option value=\"30\">30<\/option><option value=\"35\">35<\/option><option selected=\"selected\" value=\"40\">40<\/option><option value=\"45\">45<\/option><option value=\"50\">50<\/option><option value=\"55\">55<\/option><option value=\"60\">60<\/option><option value=\"65\">65<\/option><option value=\"70\">70<\/option><option value=\"75\">75<\/option><option value=\"80\">80<\/option><option value=\"85\">85<\/option><\/select><b><span style=\"color: #ff0000; font-family: Verdana; font-size: small;\"> H\/V\/ZR <\/span><\/b><br \/>\n<select name=\"newsize\"><option value=\"12\">12<\/option><option value=\"13\">13<\/option><option value=\"14\">14<\/option><option value=\"15\">15<\/option><option value=\"16\">16<\/option><option selected=\"selected\" value=\"17\">17<\/option><option value=\"18\">18<\/option><option value=\"19\">19<\/option><option value=\"20\">20<\/option><\/select>&nbsp;<\/li>\n<li><b><span style=\"color: #ff0000; font-family: Verdana; font-size: small;\">Ny f\u00e6lgbredde:<\/span><\/b><br \/>\n<select name=\"newrimwidth\"><option>5.5&#8243;<\/option><option>6.0&#8243;<\/option><option>6.5&#8243;<\/option><option selected=\"selected\">7.0&#8243;<\/option><option>7.5&#8243;<\/option><option>8.0&#8243;<\/option><option>8.5&#8243;<\/option><option>9.0&#8243;<\/option><option>9.5&#8243;<\/option><option>10.0&#8243;<\/option><\/select>&nbsp;<\/li>\n<li><b><span style=\"color: #ff0000; font-family: Verdana; font-size: small;\">Ny indpresning:<br \/>\n<\/span><\/b><br \/>\n<input name=\"etnew\" size=\"2.5\" type=\"text\" value=\"20\" \/> millimeter<\/li>\n<\/ul>\n<p>&nbsp;<\/p>\n<p><center><input type=\"button\" value=\"Beregn st\u00f8rrelser\" \/><\/center><center><br \/>\n<script>\/\/ <![CDATA[\n<br \/>\nfunction selector(vsize)<br \/>\n{var size = 0<br \/>\nfor(var i = 0; i < vsize.options.length; i++) if (vsize.options[i].selected == true) {size = vsize.options[i].value;} return size;} function calculate(form) {var diff = eval(selector(form.newrimwidth) * 0.4 - selector(form.stockrimwidth) * 0.4); var swidth = eval(selector(form.stockwidth)); var nwidth = eval(selector(form.newwidth)); var set = eval(form.etold.value); var net = eval(form.etnew.value); var sheight = eval(selector(form.stockaspect) * swidth \/ 100); var nheight = eval(selector(form.newaspect) * nwidth \/ 100); var sdiameter = ( eval(selector(form.stocksize)) * 25.4 + 2 * sheight) * 3.14159; var ndiameter = ( eval(selector(form.newsize)) * 25.4 + 2 * nheight) * 3.14159; var ngap = eval(form.spaces.value) - 0.5*(nwidth - swidth)-(set-net); var diaperc = ( ndiameter \/ sdiameter -1)*100 form.stockcalcwidth.value = swidth; form.newcalcwidth.value = nwidth; form.stockheight.value = sheight; form.newheight.value= nheight; form.stockdiameter.value = sdiameter; form.newdiameter.value = ndiameter; form.stockgap.value = form.spaces.value; form.deltadia.value = diaperc; form.newgap.value = ngap;} \/\/ ]]><\/script><\/center>&nbsp;<\/p>\n<table border=\"0\" cellspacing=\"3\" cellpadding=\"5\" bgcolor=\"ffffff\">\n<tbody>\n<tr>\n<td><span style=\"font-family: Verdana;\">Original rullediameter er <\/span><br \/>\n<input name=\"stockdiameter\" size=\"3\" type=\"text\" value=\"\" \/><span style=\"font-family: Verdana;\"> millimeter.<\/span><\/td>\n<td><span style=\"color: #ff0000; font-family: Verdana;\">Ny rullediameter er <\/span><br \/>\n<input name=\"newdiameter\" size=\"3\" type=\"text\" value=\"\" \/><span style=\"color: #ff0000; font-family: Verdana;\"> millimeter.<br \/>\n<\/span><\/td>\n<\/tr>\n<tr>\n<td><span style=\"font-family: Verdana;\"><br \/>\nProcentvis afvigelse i rullediameter:<\/span><input name=\"deltadia\" size=\"3\" type=\"text\" value=\"\" \/><span style=\"font-family: Verdana;\"> %. Max. 5% tilladt.<br \/>\n<\/span><\/td>\n<\/tr>\n<tr>\n<td><span style=\"font-family: Verdana;\">Original d\u00e6kbredde er <\/span><input name=\"stockcalcwidth\" size=\"3\" type=\"text\" value=\"\" \/><span style=\"font-family: Verdana;\">millimeter.<\/span><\/td>\n<td><span style=\"color: #ff0000; font-family: Verdana;\">Ny d\u00e6kbredde er <\/span><br \/>\n<input name=\"newcalcwidth\" size=\"3\" type=\"text\" value=\"\" \/><span style=\"color: #ff0000; font-family: Verdana;\"> millimeter.<\/span><\/td>\n<\/tr>\n<tr>\n<td><span style=\"font-family: Verdana;\">Original d\u00e6kprofil er <\/span><br \/>\n<input name=\"stockheight\" size=\"3\" type=\"text\" value=\"\" \/><span style=\"font-family: Verdana;\"> millimeter tyk.<\/span><\/td>\n<td><span style=\"color: #ff0000; font-family: Verdana;\">Ny d\u00e6kprofil er <\/span><br \/>\n<input name=\"newheight\" size=\"3\" type=\"text\" value=\"\" \/><span style=\"color: #ff0000; font-family: Verdana;\"> millimeter tyk.<\/span><\/td>\n<\/tr>\n<tr>\n<td><span style=\"font-family: Verdana;\">Original frigang mellem d\u00e6k og sk\u00e6rmkant er <\/span><br \/>\n<input name=\"stockgap\" size=\"3\" type=\"text\" value=\"\" \/><span style=\"font-family: Verdana;\"> millimeter.<\/span><\/td>\n<td><span style=\"color: #ff0000; font-family: Verdana;\">Ny frigang mellem d\u00e6k og sk\u00e6rmkant er <\/span><br \/>\n<input name=\"newgap\" size=\"3\" type=\"text\" value=\"\" \/><span style=\"color: #ff0000; font-family: Verdana;\"> millimeter.<\/span><\/td>\n<\/tr>\n<\/tbody>\n<\/table>\n<p><span style=\"font-family: VERDANA; font-size: xx-small;\">NB: Beregningerne er kun vejledende, og det anbefales altid at foretage en pr\u00f8vemontage f\u00f8r k\u00f8b. Bem\u00e6rk at<br \/>\nder kun tages hensyn til d\u00e6kbredden ved beregning af frigangen mellem d\u00e6k og sk\u00e6rmkant.<\/span><\/p>\n<p><center>\u00a9 www.Hi-Speed.dk<\/center>&nbsp;<\/p>\n","protected":false},"excerpt":{"rendered":"<p>&nbsp; &nbsp; Din originale d\u00e6kmontering: 165175185195205215225235245255265275 \/ 303540455055606570758085 H\/V\/ZR 121314151617181920&nbsp; Original f\u00e6lgbredde: 5.5&#8243;6.0&#8243;6.5&#8243;7.0&#8243;7.5&#8243;8.0&#8243;8.5&#8243;&nbsp; Original d\u00e6k til sk\u00e6rmkant frigang: millimeter Original indpresning: millimeter &nbsp; Din nye d\u00e6kst\u00f8rrelse: 165175185195205215225235245255265275285295305 \/ 303540455055606570758085 H\/V\/ZR 121314151617181920&nbsp; Ny f\u00e6lgbredde: 5.5&#8243;6.0&#8243;6.5&#8243;7.0&#8243;7.5&#8243;8.0&#8243;8.5&#8243;9.0&#8243;9.5&#8243;10.0&#8243;&nbsp; Ny indpresning: millimeter &nbsp; &nbsp; Original rullediameter er millimeter. Ny rullediameter er millimeter. Procentvis afvigelse i rullediameter: %. Max. 5% tilladt. [&hellip;]<\/p>\n","protected":false},"author":1,"featured_media":0,"parent":0,"menu_order":0,"comment_status":"closed","ping_status":"closed","template":"","meta":{"footnotes":""},"_links":{"self":[{"href":"https:\/\/hi-speed.dk\/index.php?rest_route=\/wp\/v2\/pages\/60"}],"collection":[{"href":"https:\/\/hi-speed.dk\/index.php?rest_route=\/wp\/v2\/pages"}],"about":[{"href":"https:\/\/hi-speed.dk\/index.php?rest_route=\/wp\/v2\/types\/page"}],"author":[{"embeddable":true,"href":"https:\/\/hi-speed.dk\/index.php?rest_route=\/wp\/v2\/users\/1"}],"replies":[{"embeddable":true,"href":"https:\/\/hi-speed.dk\/index.php?rest_route=%2Fwp%2Fv2%2Fcomments&post=60"}],"version-history":[{"count":6,"href":"https:\/\/hi-speed.dk\/index.php?rest_route=\/wp\/v2\/pages\/60\/revisions"}],"predecessor-version":[{"id":86,"href":"https:\/\/hi-speed.dk\/index.php?rest_route=\/wp\/v2\/pages\/60\/revisions\/86"}],"wp:attachment":[{"href":"https:\/\/hi-speed.dk\/index.php?rest_route=%2Fwp%2Fv2%2Fmedia&parent=60"}],"curies":[{"name":"wp","href":"https:\/\/api.w.org\/{rel}","templated":true}]}}